{"id":81,"date":"2014-11-17T12:11:07","date_gmt":"2014-11-17T11:11:07","guid":{"rendered":"http:\/\/neu.architekt-seiler.de\/wordpress\/?page_id=81"},"modified":"2018-04-13T14:40:15","modified_gmt":"2018-04-13T12:40:15","slug":"kontakt","status":"publish","type":"page","link":"https:\/\/architekt-seiler.de\/?page_id=81","title":{"rendered":"Kontakt"},"content":{"rendered":"<p>Thomas Seiler<br \/>\n<span class=\"Apple-style-span\">Dipl.-Ing. (FH) &#8211; Freier Architekt<br \/>\n<\/span>Von der IHK Karlsruhe \u00f6ffentlich bestellter und vereidigter Sachverst\u00e4ndiger f\u00fcr Sch\u00e4den an Geb\u00e4uden<\/p>\n<p>Probststra\u00dfe 23<br \/>\n76275 Ettlingen<\/p>\n<p>Fon: 07243 \/ 52 32 93<br \/>\nFax: 07243 \/ 94 770 95<br \/>\n<a href=\"mailto:seilmail@gmx.de\">seilmail@gmx.de<\/a><\/p>\n","protected":false},"excerpt":{"rendered":"<p>Thomas Seiler Dipl.-Ing. (FH) &#8211; Freier Architekt Von der IHK Karlsruhe \u00f6ffentlich bestellter und vereidigter Sachverst\u00e4ndiger f\u00fcr Sch\u00e4den an Geb\u00e4uden Probststra\u00dfe 23 76275 Ettlingen Fon: 07243 \/ 52 32 93 Fax: 07243 \/ 94 770 95 seilmail@gmx.de<\/p>\n","protected":false},"author":1,"featured_media":0,"parent":0,"menu_order":6,"comment_status":"closed","ping_status":"closed","template":"","meta":{"footnotes":""},"_links":{"self":[{"href":"https:\/\/architekt-seiler.de\/index.php?rest_route=\/wp\/v2\/pages\/81"}],"collection":[{"href":"https:\/\/architekt-seiler.de\/index.php?rest_route=\/wp\/v2\/pages"}],"about":[{"href":"https:\/\/architekt-seiler.de\/index.php?rest_route=\/wp\/v2\/types\/page"}],"author":[{"embeddable":true,"href":"https:\/\/architekt-seiler.de\/index.php?rest_route=\/wp\/v2\/users\/1"}],"replies":[{"embeddable":true,"href":"https:\/\/architekt-seiler.de\/index.php?rest_route=%2Fwp%2Fv2%2Fcomments&post=81"}],"version-history":[{"count":4,"href":"https:\/\/architekt-seiler.de\/index.php?rest_route=\/wp\/v2\/pages\/81\/revisions"}],"predecessor-version":[{"id":123,"href":"https:\/\/architekt-seiler.de\/index.php?rest_route=\/wp\/v2\/pages\/81\/revisions\/123"}],"wp:attachment":[{"href":"https:\/\/architekt-seiler.de\/index.php?rest_route=%2Fwp%2Fv2%2Fmedia&parent=81"}],"curies":[{"name":"wp","href":"https:\/\/api.w.org\/{rel}","templated":true}]}}