{"id":8,"date":"2014-11-11T18:48:28","date_gmt":"2014-11-11T16:48:28","guid":{"rendered":"http:\/\/neu.architekt-seiler.de\/wordpress\/?page_id=8"},"modified":"2020-09-07T10:27:27","modified_gmt":"2020-09-07T08:27:27","slug":"ueber-mich","status":"publish","type":"page","link":"https:\/\/architekt-seiler.de\/?page_id=8","title":{"rendered":"\u00dcber mich"},"content":{"rendered":"<p>Jahrgang 1957, aufgewachsen in Baden-Baden, Ausbildung zum Bauzeichner, danach Architekturstudium an der Fachhochschule Karlsruhe \u2013 Abschluss Dipl.-Ing. (FH).<\/p>\n<p><img loading=\"lazy\" decoding=\"async\" class=\"alignleft wp-image-9\" src=\"http:\/\/architekt-seiler.de\/wordpress\/wp-content\/uploads\/2014\/11\/Thomas_Seiler_10.jpg\" alt=\"Thomas Seiler\" width=\"324\" height=\"250\" srcset=\"https:\/\/architekt-seiler.de\/wordpress\/wp-content\/uploads\/2014\/11\/Thomas_Seiler_10.jpg 500w, https:\/\/architekt-seiler.de\/wordpress\/wp-content\/uploads\/2014\/11\/Thomas_Seiler_10-300x231.jpg 300w\" sizes=\"(max-width: 324px) 100vw, 324px\" \/><\/p>\n<p>Seit 1987 als verantwortlicher Architekt t\u00e4tig in Architekturb\u00fcros in Baden-Baden, Karlsruhe, Oberkirch und Achern beim Bau von Wohnh\u00e4usern, Eigentumswohnungen und B\u00fcrogeb\u00e4uden, mit vielen Umbauten, Erweiterungen und Sanierungen. Seit 2005 selbst\u00e4ndig im eigenen B\u00fcro als freier Architekt in Ettlingen, Mitglied der Architektenkammer Baden-W\u00fcrttemberg.<\/p>\n<p>Durch die Mitarbeit in mehreren B\u00fcros und Beh\u00f6rden konnte ich verschiedene Sichtweisen und viel Projekterfahrung erwerben. Dadurch bin ich heute in der Lage, f\u00fcr meine Auftraggeber optimale und schnelle L\u00f6sungen zu finden. Die kleine B\u00fcrogr\u00f6\u00dfe erlaubt ein flexibles Reagieren, bei Bedarf steht ein Netzwerk von Kollegen und Fachplanern bereit.<\/p>\n<p>Seit 2014 bin ich vorwiegend als Sachverst\u00e4ndiger f\u00fcr Sch\u00e4den an Geb\u00e4uden t\u00e4tig.\u00a0Im Dezember 2012 habe ich den Lehrgang zur Qualifizierung als Sachverst\u00e4ndiger\u00a0<em>\u201eSch\u00e4den an Geb\u00e4uden\u201c<\/em> der Architektenkammer Baden-W\u00fcrttemberg (IF-Bau) erfolgreich abgeschossen. Im Juni 2013 konnte ich\u00a0 zus\u00e4tzlich das Hochschulzertifikat\u00a0<em>\u201eSachverst\u00e4ndiger f\u00fcr Sch\u00e4den an Geb\u00e4uden\u201c\u00a0<\/em>der Hochschule Konstanz\/IFBau erwerben.<\/p>\n<p>Nach Bestehen der entsprechenden Pr\u00fcfung wurde ich am 22.09.2014\u00a0 von der Industrie- und\u00a0Handelskammer Karlsruhe als Sachverst\u00e4ndiger f\u00fcr Sch\u00e4den an Geb\u00e4uden \u00f6ffentlich\u00a0bestellt und vereidigt, seitdem habe ich zahlreiche Gutachten f\u00fcr verschiedene Gerichte, Beh\u00f6rden und private Auftraggeber erstattet.<br \/>\nDie \u00f6ffentliche Bestellung wurde 2019 f\u00fcr weitere 5 Jahre verl\u00e4ngert.<\/p>\n","protected":false},"excerpt":{"rendered":"<p>Jahrgang 1957, aufgewachsen in Baden-Baden, Ausbildung zum Bauzeichner, danach Architekturstudium an der Fachhochschule Karlsruhe \u2013 Abschluss Dipl.-Ing. (FH). Seit 1987 als verantwortlicher Architekt t\u00e4tig in Architekturb\u00fcros in Baden-Baden, Karlsruhe, Oberkirch und Achern beim Bau von Wohnh\u00e4usern, Eigentumswohnungen und B\u00fcrogeb\u00e4uden, mit vielen Umbauten, Erweiterungen und Sanierungen. Seit 2005 selbst\u00e4ndig im eigenen B\u00fcro als freier Architekt in <a class=\"more-link\" href=\"https:\/\/architekt-seiler.de\/?page_id=8\">Weiterlesen&#8230;<\/a><\/p>\n","protected":false},"author":1,"featured_media":0,"parent":0,"menu_order":2,"comment_status":"closed","ping_status":"closed","template":"","meta":{"footnotes":""},"_links":{"self":[{"href":"https:\/\/architekt-seiler.de\/index.php?rest_route=\/wp\/v2\/pages\/8"}],"collection":[{"href":"https:\/\/architekt-seiler.de\/index.php?rest_route=\/wp\/v2\/pages"}],"about":[{"href":"https:\/\/architekt-seiler.de\/index.php?rest_route=\/wp\/v2\/types\/page"}],"author":[{"embeddable":true,"href":"https:\/\/architekt-seiler.de\/index.php?rest_route=\/wp\/v2\/users\/1"}],"replies":[{"embeddable":true,"href":"https:\/\/architekt-seiler.de\/index.php?rest_route=%2Fwp%2Fv2%2Fcomments&post=8"}],"version-history":[{"count":10,"href":"https:\/\/architekt-seiler.de\/index.php?rest_route=\/wp\/v2\/pages\/8\/revisions"}],"predecessor-version":[{"id":188,"href":"https:\/\/architekt-seiler.de\/index.php?rest_route=\/wp\/v2\/pages\/8\/revisions\/188"}],"wp:attachment":[{"href":"https:\/\/architekt-seiler.de\/index.php?rest_route=%2Fwp%2Fv2%2Fmedia&parent=8"}],"curies":[{"name":"wp","href":"https:\/\/api.w.org\/{rel}","templated":true}]}}