{"id":54,"date":"2014-11-14T12:02:46","date_gmt":"2014-11-14T11:02:46","guid":{"rendered":"http:\/\/neu.architekt-seiler.de\/wordpress\/?page_id=54"},"modified":"2014-11-14T12:02:46","modified_gmt":"2014-11-14T11:02:46","slug":"sachverstaendige","status":"publish","type":"page","link":"https:\/\/architekt-seiler.de\/?page_id=54","title":{"rendered":"Sachverst\u00e4ndige"},"content":{"rendered":"<p><em>Aus dem Merkblatt \u00fcber die \u00f6ffentliche Bestellung und Vereidigung als Sachverst\u00e4ndiger durch die IHK Karlsruhe:<\/em><br \/>\n\u201e\u00d6ffentlich bestellte Sachverst\u00e4ndige sind Fachleute, die \u00fcber besondere Erfahrung auf einem bestimmten Gebiet verf\u00fcgen und besonders zuverl\u00e4ssig sind. Sie genie\u00dfen besonderes Vertrauen, weil ihre Fachkompetenz und Zuverl\u00e4ssigkeit nach gesetzlich vorgeschriebenen Kriterien \u00fcberpr\u00fcft werden und weil ihre T\u00e4tigkeit \u00fcberwacht wird. Sie k\u00f6nnen von Gerichten, Beh\u00f6rden, der Wirtschaft, aber auch der Allgemeinheit beauftragt werden.\u201c<\/p>\n<p>\u201eNach st\u00e4ndiger h\u00f6chstrichterlicher Rechtsprechung sind \u00fcberdurchschnittliche Kenntnisse, F\u00e4higkeiten und praktische Erfahrungen auf dem betreffenden Sachgebiet erforderlich. Die ordnungsgem\u00e4\u00dfe Aus\u00fcbung des Berufs ist noch kein ausreichender Nachweis besonderer Sachkunde.\u201c<\/p>\n<p>\u201eDie pers\u00f6nliche Eignung des Bewerbers muss gew\u00e4hrleistet sein. Dies setzt voraus, dass der Bewerber nicht nur auf Grund seiner pers\u00f6nlichen Eigenschaften Gew\u00e4hr daf\u00fcr bietet, die Gutachtert\u00e4tigkeit objektiv und unparteiisch auszu\u00fcben, sondern diese Anforderung unter Ber\u00fccksichtigung seines gesamten Umfeldes auch erf\u00fcllen kann.<\/p>\n<p>Wesentliche Eigenschaften sind in diesem Zusammenhang: uneingeschr\u00e4nkte pers\u00f6nliche Zuverl\u00e4ssigkeit, Charakterst\u00e4rke, Unparteilichkeit, Sachlichkeit &#8211; auch in Bezug auf die Ausdrucksweise &#8211; sowie ferner wirtschaftliche und pers\u00f6nliche Unabh\u00e4ngigkeit und Neutralit\u00e4t.\u201c<\/p>\n","protected":false},"excerpt":{"rendered":"<p>Aus dem Merkblatt \u00fcber die \u00f6ffentliche Bestellung und Vereidigung als Sachverst\u00e4ndiger durch die IHK Karlsruhe: \u201e\u00d6ffentlich bestellte Sachverst\u00e4ndige sind Fachleute, die \u00fcber besondere Erfahrung auf einem bestimmten Gebiet verf\u00fcgen und besonders zuverl\u00e4ssig sind. Sie genie\u00dfen besonderes Vertrauen, weil ihre Fachkompetenz und Zuverl\u00e4ssigkeit nach gesetzlich vorgeschriebenen Kriterien \u00fcberpr\u00fcft werden und weil ihre T\u00e4tigkeit \u00fcberwacht wird. Sie <a class=\"more-link\" href=\"https:\/\/architekt-seiler.de\/?page_id=54\">Weiterlesen&#8230;<\/a><\/p>\n","protected":false},"author":1,"featured_media":0,"parent":0,"menu_order":0,"comment_status":"closed","ping_status":"closed","template":"","meta":{"footnotes":""},"_links":{"self":[{"href":"https:\/\/architekt-seiler.de\/index.php?rest_route=\/wp\/v2\/pages\/54"}],"collection":[{"href":"https:\/\/architekt-seiler.de\/index.php?rest_route=\/wp\/v2\/pages"}],"about":[{"href":"https:\/\/architekt-seiler.de\/index.php?rest_route=\/wp\/v2\/types\/page"}],"author":[{"embeddable":true,"href":"https:\/\/architekt-seiler.de\/index.php?rest_route=\/wp\/v2\/users\/1"}],"replies":[{"embeddable":true,"href":"https:\/\/architekt-seiler.de\/index.php?rest_route=%2Fwp%2Fv2%2Fcomments&post=54"}],"version-history":[{"count":1,"href":"https:\/\/architekt-seiler.de\/index.php?rest_route=\/wp\/v2\/pages\/54\/revisions"}],"predecessor-version":[{"id":55,"href":"https:\/\/architekt-seiler.de\/index.php?rest_route=\/wp\/v2\/pages\/54\/revisions\/55"}],"wp:attachment":[{"href":"https:\/\/architekt-seiler.de\/index.php?rest_route=%2Fwp%2Fv2%2Fmedia&parent=54"}],"curies":[{"name":"wp","href":"https:\/\/api.w.org\/{rel}","templated":true}]}}