{"id":51,"date":"2014-11-14T12:01:38","date_gmt":"2014-11-14T11:01:38","guid":{"rendered":"http:\/\/neu.architekt-seiler.de\/wordpress\/?page_id=51"},"modified":"2014-11-14T12:01:38","modified_gmt":"2014-11-14T11:01:38","slug":"definition-freie-berufe","status":"publish","type":"page","link":"https:\/\/architekt-seiler.de\/?page_id=51","title":{"rendered":"Definition &#8222;freie Berufe&#8220;"},"content":{"rendered":"<p>\u201eIn der Regel z\u00e4hlen freie bzw. freischaffende Architekten zu den freien Berufen. Sie \u00fcben ihren Beruf unabh\u00e4ngig und eigenverantwortlich aus und sind mit dieser Berufsbezeichnung in die Architektenliste eingetragen. Unabh\u00e4ngig t\u00e4tig ist, wer weder eigene noch fremde Produktions-, Handels- oder Lieferinteressen verfolgt, die unmittelbar oder mittelbar im Zusammenhang mit seiner Berufst\u00e4tigkeit stehen; eigenverantwortlich t\u00e4tig ist, wer seinen Beruf ausschlie\u00dflich auf eigene Rechnung und Verantwortung selbst\u00e4ndig oder in einer Berufsgesellschaft aus\u00fcbt.\u201c<br \/>\n<em>(Quelle: Bundesarchitektenkammer)<\/em><\/p>\n","protected":false},"excerpt":{"rendered":"<p>\u201eIn der Regel z\u00e4hlen freie bzw. freischaffende Architekten zu den freien Berufen. Sie \u00fcben ihren Beruf unabh\u00e4ngig und eigenverantwortlich aus und sind mit dieser Berufsbezeichnung in die Architektenliste eingetragen. Unabh\u00e4ngig t\u00e4tig ist, wer weder eigene noch fremde Produktions-, Handels- oder Lieferinteressen verfolgt, die unmittelbar oder mittelbar im Zusammenhang mit seiner Berufst\u00e4tigkeit stehen; eigenverantwortlich t\u00e4tig ist, <a class=\"more-link\" href=\"https:\/\/architekt-seiler.de\/?page_id=51\">Weiterlesen&#8230;<\/a><\/p>\n","protected":false},"author":1,"featured_media":0,"parent":0,"menu_order":0,"comment_status":"closed","ping_status":"closed","template":"","meta":{"footnotes":""},"_links":{"self":[{"href":"https:\/\/architekt-seiler.de\/index.php?rest_route=\/wp\/v2\/pages\/51"}],"collection":[{"href":"https:\/\/architekt-seiler.de\/index.php?rest_route=\/wp\/v2\/pages"}],"about":[{"href":"https:\/\/architekt-seiler.de\/index.php?rest_route=\/wp\/v2\/types\/page"}],"author":[{"embeddable":true,"href":"https:\/\/architekt-seiler.de\/index.php?rest_route=\/wp\/v2\/users\/1"}],"replies":[{"embeddable":true,"href":"https:\/\/architekt-seiler.de\/index.php?rest_route=%2Fwp%2Fv2%2Fcomments&post=51"}],"version-history":[{"count":1,"href":"https:\/\/architekt-seiler.de\/index.php?rest_route=\/wp\/v2\/pages\/51\/revisions"}],"predecessor-version":[{"id":52,"href":"https:\/\/architekt-seiler.de\/index.php?rest_route=\/wp\/v2\/pages\/51\/revisions\/52"}],"wp:attachment":[{"href":"https:\/\/architekt-seiler.de\/index.php?rest_route=%2Fwp%2Fv2%2Fmedia&parent=51"}],"curies":[{"name":"wp","href":"https:\/\/api.w.org\/{rel}","templated":true}]}}